{"id":40,"date":"2021-01-20T20:48:54","date_gmt":"2021-01-20T19:48:54","guid":{"rendered":"http:\/\/localhost\/kuchnia\/?page_id=40"},"modified":"2026-03-03T20:19:07","modified_gmt":"2026-03-03T19:19:07","slug":"kontakt","status":"publish","type":"page","link":"https:\/\/www.kuchniaklemensa.pl\/?page_id=40","title":{"rendered":"Kontakt"},"content":{"rendered":"\n<p>Masz pytania? Sugestie? Lub po prostu chcesz si\u0119 odezwa\u0107?<\/p>\n\n\n\n<p>Zapraszam do kontaktu! <\/p>\n\n\n\n<figure class=\"wp-block-table\"><table><tbody><tr><td><a href=\"https:\/\/www.facebook.com\/damiankordian\/\" data-type=\"URL\" data-id=\"www.facebook.com\/kuchniaklemensa\" target=\"_blank\" rel=\"noreferrer noopener\">Przez Facebook<\/a><\/td><td><a href=\"http:\/\/www.instagram.com\/damiankordian\" data-type=\"URL\" data-id=\"http:\/\/www.instagram.com\/chlopakzmazur\" target=\"_blank\" rel=\"noreferrer noopener\">Przez Instagram<\/a><\/td><td><a href=\"mailto: kontakt [ma\u0142pa] kuchniaklemensa.pl\" data-type=\"mailto\" data-id=\"mailto: kontakt [ma\u0142pa] kuchniaklemensa.pl\">Przez poczt\u0119 e-mail<\/a><\/td><\/tr><\/tbody><\/table><\/figure>\n\n\n\n<hr class=\"wp-block-separator has-css-opacity\"\/>\n\n\n\n<p>Lub przez poni\u017cszy formularz:<\/p>\n\n\n\n<br>\n\n\n\n<div class=\"wp-block-contact-form-7-contact-form-selector\">\n<div class=\"wpcf7 no-js\" id=\"wpcf7-f1025-o1\" lang=\"pl-PL\" dir=\"ltr\">\n<div class=\"screen-reader-response\"><p role=\"status\" aria-live=\"polite\" aria-atomic=\"true\"><\/p> <ul><\/ul><\/div>\n<form action=\"\/index.php?rest_route=%2Fwp%2Fv2%2Fpages%2F40#wpcf7-f1025-o1\" method=\"post\" class=\"wpcf7-form init\" aria-label=\"Formularz kontaktowy\" novalidate=\"novalidate\" data-status=\"init\">\n<div style=\"display: none;\">\n<input type=\"hidden\" name=\"_wpcf7\" value=\"1025\" \/>\n<input type=\"hidden\" name=\"_wpcf7_version\" value=\"5.8.4\" \/>\n<input type=\"hidden\" name=\"_wpcf7_locale\" value=\"pl_PL\" \/>\n<input type=\"hidden\" name=\"_wpcf7_unit_tag\" value=\"wpcf7-f1025-o1\" \/>\n<input type=\"hidden\" name=\"_wpcf7_container_post\" value=\"0\" \/>\n<input type=\"hidden\" name=\"_wpcf7_posted_data_hash\" value=\"\" \/>\n<\/div>\n<p><label> Twoje imi\u0119<br \/>\n<span class=\"wpcf7-form-control-wrap\" data-name=\"your-name\"><input size=\"40\" class=\"wpcf7-form-control wpcf7-text wpcf7-validates-as-required\" aria-required=\"true\" aria-invalid=\"false\" value=\"\" type=\"text\" name=\"your-name\" \/><\/span> <\/label>\n<\/p>\n<p><label> Tw\u00f3j email<br \/>\n<span class=\"wpcf7-form-control-wrap\" data-name=\"your-email\"><input size=\"40\" class=\"wpcf7-form-control wpcf7-email wpcf7-validates-as-required wpcf7-text wpcf7-validates-as-email\" aria-required=\"true\" aria-invalid=\"false\" value=\"\" type=\"email\" name=\"your-email\" \/><\/span> <\/label>\n<\/p>\n<p><label> Temat<br \/>\n<span class=\"wpcf7-form-control-wrap\" data-name=\"your-subject\"><input size=\"40\" class=\"wpcf7-form-control wpcf7-text wpcf7-validates-as-required\" aria-required=\"true\" aria-invalid=\"false\" value=\"\" type=\"text\" name=\"your-subject\" \/><\/span> <\/label>\n<\/p>\n<p><label> Twoja wiadomo\u015bci<br \/>\n<span class=\"wpcf7-form-control-wrap\" data-name=\"your-message\"><textarea cols=\"40\" rows=\"10\" class=\"wpcf7-form-control wpcf7-textarea\" aria-invalid=\"false\" name=\"your-message\"><\/textarea><\/span> <\/label>\n<\/p>\n<p><input class=\"wpcf7-form-control wpcf7-submit has-spinner\" type=\"submit\" value=\"Wy\u015blij\" \/>\n<\/p><div class=\"wpcf7-response-output\" aria-hidden=\"true\"><\/div>\n<\/form>\n<\/div>\n<\/div>\n\n\n\n<figure class=\"wp-block-image size-large is-style-default\"><img loading=\"lazy\" decoding=\"async\" width=\"640\" height=\"360\" data-attachment-id=\"1668\" data-permalink=\"https:\/\/www.kuchniaklemensa.pl\/?attachment_id=1668\" data-orig-file=\"https:\/\/i0.wp.com\/www.kuchniaklemensa.pl\/wp-content\/uploads\/2021\/01\/PXL_20201121_063418776-1-scaled.jpg?fit=2560%2C1440&amp;ssl=1\" data-orig-size=\"2560,1440\" data-comments-opened=\"1\" data-image-meta=\"{&quot;aperture&quot;:&quot;1.8&quot;,&quot;credit&quot;:&quot;&quot;,&quot;camera&quot;:&quot;Pixel 2&quot;,&quot;caption&quot;:&quot;&quot;,&quot;created_timestamp&quot;:&quot;1605944058&quot;,&quot;copyright&quot;:&quot;&quot;,&quot;focal_length&quot;:&quot;4.442&quot;,&quot;iso&quot;:&quot;44&quot;,&quot;shutter_speed&quot;:&quot;0.000171&quot;,&quot;title&quot;:&quot;&quot;,&quot;orientation&quot;:&quot;1&quot;}\" data-image-title=\"Kuchnia Klemensa mazury\" data-image-description=\"\" data-image-caption=\"\" data-medium-file=\"https:\/\/i0.wp.com\/www.kuchniaklemensa.pl\/wp-content\/uploads\/2021\/01\/PXL_20201121_063418776-1-scaled.jpg?fit=300%2C169&amp;ssl=1\" data-large-file=\"https:\/\/i0.wp.com\/www.kuchniaklemensa.pl\/wp-content\/uploads\/2021\/01\/PXL_20201121_063418776-1-scaled.jpg?fit=640%2C360&amp;ssl=1\" src=\"https:\/\/i0.wp.com\/kuchniaklemensa.pl\/wp-content\/uploads\/2021\/01\/PXL_20201121_063418776-1-1024x576.jpg?resize=640%2C360\" alt=\"\" class=\"wp-image-1668\" srcset=\"https:\/\/i0.wp.com\/www.kuchniaklemensa.pl\/wp-content\/uploads\/2021\/01\/PXL_20201121_063418776-1-scaled.jpg?resize=1024%2C576&amp;ssl=1 1024w, https:\/\/i0.wp.com\/www.kuchniaklemensa.pl\/wp-content\/uploads\/2021\/01\/PXL_20201121_063418776-1-scaled.jpg?resize=300%2C169&amp;ssl=1 300w, https:\/\/i0.wp.com\/www.kuchniaklemensa.pl\/wp-content\/uploads\/2021\/01\/PXL_20201121_063418776-1-scaled.jpg?resize=768%2C432&amp;ssl=1 768w, https:\/\/i0.wp.com\/www.kuchniaklemensa.pl\/wp-content\/uploads\/2021\/01\/PXL_20201121_063418776-1-scaled.jpg?resize=1536%2C864&amp;ssl=1 1536w, https:\/\/i0.wp.com\/www.kuchniaklemensa.pl\/wp-content\/uploads\/2021\/01\/PXL_20201121_063418776-1-scaled.jpg?resize=2048%2C1152&amp;ssl=1 2048w, https:\/\/i0.wp.com\/www.kuchniaklemensa.pl\/wp-content\/uploads\/2021\/01\/PXL_20201121_063418776-1-scaled.jpg?w=1280&amp;ssl=1 1280w, https:\/\/i0.wp.com\/www.kuchniaklemensa.pl\/wp-content\/uploads\/2021\/01\/PXL_20201121_063418776-1-scaled.jpg?w=1920&amp;ssl=1 1920w\" sizes=\"auto, (max-width: 640px) 100vw, 640px\" data-recalc-dims=\"1\" \/><figcaption class=\"wp-element-caption\">Moje Mazury zim\u0105&#8230;<\/figcaption><\/figure>\n","protected":false},"excerpt":{"rendered":"<p>Masz pytania? Sugestie? Lub po prostu chcesz si\u0119 odezwa\u0107? Zapraszam do kontaktu! Przez Facebook Przez Instagram Przez poczt\u0119 e-mail Lub przez poni\u017cszy formularz:<\/p>\n","protected":false},"author":1,"featured_media":1634,"parent":0,"menu_order":0,"comment_status":"closed","ping_status":"closed","template":"","meta":{"footnotes":""},"class_list":["post-40","page","type-page","status-publish","has-post-thumbnail","hentry","eq-blocks"],"jetpack_sharing_enabled":true,"jetpack-related-posts":[{"id":669,"url":"https:\/\/www.kuchniaklemensa.pl\/?page_id=669","url_meta":{"origin":40,"position":0},"title":"O mnie","author":"damiankordian","date":"24 stycznia, 2021","format":false,"excerpt":"Witaj na mojej stronie! M\u00f3j tatu\u015b mawia\u0142, \u017ce je si\u0119 po to, \u017ceby \u017cy\u0107, a nie \u017cyje po to, aby je\u015b\u0107, ale ja nie do ko\u0144ca si\u0119 z tym zgodz\u0119. Czasem \u017cyje si\u0119, aby gotowa\u0107 :) I tu wchodz\u0119 ja - ca\u0142y na bia\u0142o. Kocham gotowa\u0107, ale to jest zbyt\u2026","rel":"","context":"Similar post","block_context":{"text":"Similar post","link":""},"img":{"alt_text":"","src":"https:\/\/i0.wp.com\/www.kuchniaklemensa.pl\/wp-content\/uploads\/2021\/01\/IMG_20200823_194338-EFFECTS-1-scaled.jpg?resize=350%2C200&ssl=1","width":350,"height":200,"srcset":"https:\/\/i0.wp.com\/www.kuchniaklemensa.pl\/wp-content\/uploads\/2021\/01\/IMG_20200823_194338-EFFECTS-1-scaled.jpg?resize=350%2C200&ssl=1 1x, https:\/\/i0.wp.com\/www.kuchniaklemensa.pl\/wp-content\/uploads\/2021\/01\/IMG_20200823_194338-EFFECTS-1-scaled.jpg?resize=525%2C300&ssl=1 1.5x, https:\/\/i0.wp.com\/www.kuchniaklemensa.pl\/wp-content\/uploads\/2021\/01\/IMG_20200823_194338-EFFECTS-1-scaled.jpg?resize=700%2C400&ssl=1 2x, https:\/\/i0.wp.com\/www.kuchniaklemensa.pl\/wp-content\/uploads\/2021\/01\/IMG_20200823_194338-EFFECTS-1-scaled.jpg?resize=1050%2C600&ssl=1 3x, https:\/\/i0.wp.com\/www.kuchniaklemensa.pl\/wp-content\/uploads\/2021\/01\/IMG_20200823_194338-EFFECTS-1-scaled.jpg?resize=1400%2C800&ssl=1 4x"},"classes":[]},{"id":3,"url":"https:\/\/www.kuchniaklemensa.pl\/?page_id=3","url_meta":{"origin":40,"position":1},"title":"Polityka Prywatno\u015bci","author":"damiankordian","date":"23 stycznia, 2021","format":false,"excerpt":"Kim jeste\u015bmy Adres naszej strony internetowej to: www.kuchniaklemensa.pl Jakie dane osobiste zbieramy i dlaczego je zbieramy Komentarze Kiedy odwiedzaj\u0105cy witryn\u0119 zostawia komentarz, zbieramy dane widoczne w formularzu komentowania, jak i adres IP odwiedzaj\u0105cego oraz podpis jego przegl\u0105darki jako pomoc przy wykrywaniu spamu. Zanonimizowany ci\u0105g znak\u00f3w stworzony na podstawie twojego adresu\u2026","rel":"","context":"Similar post","block_context":{"text":"Similar post","link":""},"img":{"alt_text":"","src":"","width":0,"height":0},"classes":[]}],"_links":{"self":[{"href":"https:\/\/www.kuchniaklemensa.pl\/index.php?rest_route=\/wp\/v2\/pages\/40","targetHints":{"allow":["GET"]}}],"collection":[{"href":"https:\/\/www.kuchniaklemensa.pl\/index.php?rest_route=\/wp\/v2\/pages"}],"about":[{"href":"https:\/\/www.kuchniaklemensa.pl\/index.php?rest_route=\/wp\/v2\/types\/page"}],"author":[{"embeddable":true,"href":"https:\/\/www.kuchniaklemensa.pl\/index.php?rest_route=\/wp\/v2\/users\/1"}],"replies":[{"embeddable":true,"href":"https:\/\/www.kuchniaklemensa.pl\/index.php?rest_route=%2Fwp%2Fv2%2Fcomments&post=40"}],"version-history":[{"count":17,"href":"https:\/\/www.kuchniaklemensa.pl\/index.php?rest_route=\/wp\/v2\/pages\/40\/revisions"}],"predecessor-version":[{"id":2486,"href":"https:\/\/www.kuchniaklemensa.pl\/index.php?rest_route=\/wp\/v2\/pages\/40\/revisions\/2486"}],"wp:featuredmedia":[{"embeddable":true,"href":"https:\/\/www.kuchniaklemensa.pl\/index.php?rest_route=\/wp\/v2\/media\/1634"}],"wp:attachment":[{"href":"https:\/\/www.kuchniaklemensa.pl\/index.php?rest_route=%2Fwp%2Fv2%2Fmedia&parent=40"}],"curies":[{"name":"wp","href":"https:\/\/api.w.org\/{rel}","templated":true}]}}