{"id":967,"date":"2021-01-24T19:20:04","date_gmt":"2021-01-24T18:20:04","guid":{"rendered":"http:\/\/kuchniaklemensa.pl\/?page_id=967"},"modified":"2021-01-28T21:46:48","modified_gmt":"2021-01-28T20:46:48","slug":"porady","status":"publish","type":"page","link":"https:\/\/www.kuchniaklemensa.pl\/?page_id=967","title":{"rendered":"Porady"},"content":{"rendered":"\n<div class=\"wp-block-columns is-layout-flex wp-container-core-columns-is-layout-9d6595d7 wp-block-columns-is-layout-flex\">\n<div class=\"wp-block-column is-layout-flow wp-block-column-is-layout-flow\">\n<div class=\"wp-block-cover has-background-dim\" style=\"background-image:url(http:\/\/kuchniaklemensa.pl\/wp-content\/uploads\/2021\/01\/couscous-727492_1920-2.jpg)\"><div class=\"wp-block-cover__inner-container is-layout-flow wp-block-cover-is-layout-flow\">\n<p class=\"has-text-align-center has-large-font-size\"><a href=\"https:\/\/kuchniaklemensa.pl\/?p=751\" data-type=\"post\" data-id=\"751\"><span class=\"has-inline-color has-white-color\">Jak gotowa\u0107 kuskus<\/span><\/a><\/p>\n<\/div><\/div>\n<\/div>\n\n\n\n<div class=\"wp-block-column is-layout-flow wp-block-column-is-layout-flow\">\n<div class=\"wp-block-cover has-background-dim\" style=\"background-image:url(http:\/\/kuchniaklemensa.pl\/wp-content\/uploads\/2021\/01\/how-tp-cook-pearl-barley-myfavouritepastime-com-_4293-1.jpg)\"><div class=\"wp-block-cover__inner-container is-layout-flow wp-block-cover-is-layout-flow\">\n<p class=\"has-text-align-center has-large-font-size\"><a href=\"https:\/\/kuchniaklemensa.pl\/?p=750\" data-type=\"post\" data-id=\"750\"><span class=\"has-inline-color has-white-color\">Jak gotowa\u0107 p\u0119czak<\/span><\/a><\/p>\n<\/div><\/div>\n<\/div>\n\n\n\n<div class=\"wp-block-column is-layout-flow wp-block-column-is-layout-flow\">\n<div class=\"wp-block-cover has-background-dim\" style=\"background-image:url(http:\/\/kuchniaklemensa.pl\/wp-content\/uploads\/2021\/01\/sour-cream-4215626_1920-2.jpg)\"><div class=\"wp-block-cover__inner-container is-layout-flow wp-block-cover-is-layout-flow\">\n<p class=\"has-text-align-center has-large-font-size\"><a href=\"https:\/\/kuchniaklemensa.pl\/?p=133\" data-type=\"post\" data-id=\"133\"><span class=\"has-inline-color has-white-color\">Hartowanie \u015bmietany<\/span><\/a><\/p>\n<\/div><\/div>\n<\/div>\n<\/div>\n","protected":false},"excerpt":{"rendered":"","protected":false},"author":1,"featured_media":0,"parent":0,"menu_order":0,"comment_status":"closed","ping_status":"closed","template":"","meta":{"footnotes":""},"class_list":["post-967","page","type-page","status-publish","hentry","eq-blocks"],"jetpack_sharing_enabled":true,"jetpack-related-posts":[{"id":669,"url":"https:\/\/www.kuchniaklemensa.pl\/?page_id=669","url_meta":{"origin":967,"position":0},"title":"O mnie","author":"damiankordian","date":"24 stycznia, 2021","format":false,"excerpt":"Witaj na mojej stronie! M\u00f3j tatu\u015b mawia\u0142, \u017ce je si\u0119 po to, \u017ceby \u017cy\u0107, a nie \u017cyje po to, aby je\u015b\u0107, ale ja nie do ko\u0144ca si\u0119 z tym zgodz\u0119. Czasem \u017cyje si\u0119, aby gotowa\u0107 :) I tu wchodz\u0119 ja - ca\u0142y na bia\u0142o. Kocham gotowa\u0107, ale to jest zbyt\u2026","rel":"","context":"Similar post","block_context":{"text":"Similar post","link":""},"img":{"alt_text":"","src":"https:\/\/i0.wp.com\/www.kuchniaklemensa.pl\/wp-content\/uploads\/2021\/01\/IMG_20200823_194338-EFFECTS-1-scaled.jpg?resize=350%2C200&ssl=1","width":350,"height":200,"srcset":"https:\/\/i0.wp.com\/www.kuchniaklemensa.pl\/wp-content\/uploads\/2021\/01\/IMG_20200823_194338-EFFECTS-1-scaled.jpg?resize=350%2C200&ssl=1 1x, https:\/\/i0.wp.com\/www.kuchniaklemensa.pl\/wp-content\/uploads\/2021\/01\/IMG_20200823_194338-EFFECTS-1-scaled.jpg?resize=525%2C300&ssl=1 1.5x, https:\/\/i0.wp.com\/www.kuchniaklemensa.pl\/wp-content\/uploads\/2021\/01\/IMG_20200823_194338-EFFECTS-1-scaled.jpg?resize=700%2C400&ssl=1 2x, https:\/\/i0.wp.com\/www.kuchniaklemensa.pl\/wp-content\/uploads\/2021\/01\/IMG_20200823_194338-EFFECTS-1-scaled.jpg?resize=1050%2C600&ssl=1 3x, https:\/\/i0.wp.com\/www.kuchniaklemensa.pl\/wp-content\/uploads\/2021\/01\/IMG_20200823_194338-EFFECTS-1-scaled.jpg?resize=1400%2C800&ssl=1 4x"},"classes":[]},{"id":983,"url":"https:\/\/www.kuchniaklemensa.pl\/?page_id=983","url_meta":{"origin":967,"position":1},"title":"Zupy","author":"damiankordian","date":"24 stycznia, 2021","format":false,"excerpt":"Leczo Zupa z groszku Gruzi\u0144ska zupa z soczewicy Gazpacho Zupa Buraczkowa Szczawiowa Zupa grzybowa Ros\u00f3\u0142 Prosta zupa jarzynowa Zupa tajska Zalewajka Krupnik Kapu\u015bniak Ch\u0142odnik litewski \u017burek Barszcz ukrai\u0144ski Pomidor\u00f3wka jak u mamy Zupa cebulowa Zakwas na \u017curek Zakwas na barszcz bia\u0142y","rel":"","context":"Similar post","block_context":{"text":"Similar post","link":""},"img":{"alt_text":"","src":"","width":0,"height":0},"classes":[]},{"id":3,"url":"https:\/\/www.kuchniaklemensa.pl\/?page_id=3","url_meta":{"origin":967,"position":2},"title":"Polityka Prywatno\u015bci","author":"damiankordian","date":"23 stycznia, 2021","format":false,"excerpt":"Kim jeste\u015bmy Adres naszej strony internetowej to: www.kuchniaklemensa.pl Jakie dane osobiste zbieramy i dlaczego je zbieramy Komentarze Kiedy odwiedzaj\u0105cy witryn\u0119 zostawia komentarz, zbieramy dane widoczne w formularzu komentowania, jak i adres IP odwiedzaj\u0105cego oraz podpis jego przegl\u0105darki jako pomoc przy wykrywaniu spamu. Zanonimizowany ci\u0105g znak\u00f3w stworzony na podstawie twojego adresu\u2026","rel":"","context":"Similar post","block_context":{"text":"Similar post","link":""},"img":{"alt_text":"","src":"","width":0,"height":0},"classes":[]}],"_links":{"self":[{"href":"https:\/\/www.kuchniaklemensa.pl\/index.php?rest_route=\/wp\/v2\/pages\/967","targetHints":{"allow":["GET"]}}],"collection":[{"href":"https:\/\/www.kuchniaklemensa.pl\/index.php?rest_route=\/wp\/v2\/pages"}],"about":[{"href":"https:\/\/www.kuchniaklemensa.pl\/index.php?rest_route=\/wp\/v2\/types\/page"}],"author":[{"embeddable":true,"href":"https:\/\/www.kuchniaklemensa.pl\/index.php?rest_route=\/wp\/v2\/users\/1"}],"replies":[{"embeddable":true,"href":"https:\/\/www.kuchniaklemensa.pl\/index.php?rest_route=%2Fwp%2Fv2%2Fcomments&post=967"}],"version-history":[{"count":3,"href":"https:\/\/www.kuchniaklemensa.pl\/index.php?rest_route=\/wp\/v2\/pages\/967\/revisions"}],"predecessor-version":[{"id":1709,"href":"https:\/\/www.kuchniaklemensa.pl\/index.php?rest_route=\/wp\/v2\/pages\/967\/revisions\/1709"}],"wp:attachment":[{"href":"https:\/\/www.kuchniaklemensa.pl\/index.php?rest_route=%2Fwp%2Fv2%2Fmedia&parent=967"}],"curies":[{"name":"wp","href":"https:\/\/api.w.org\/{rel}","templated":true}]}}