{"id":977,"date":"2021-01-24T19:23:08","date_gmt":"2021-01-24T18:23:08","guid":{"rendered":"http:\/\/kuchniaklemensa.pl\/?page_id=977"},"modified":"2021-01-25T18:25:29","modified_gmt":"2021-01-25T17:25:29","slug":"sniadanie","status":"publish","type":"page","link":"https:\/\/www.kuchniaklemensa.pl\/?page_id=977","title":{"rendered":"\u015aniadanie"},"content":{"rendered":"\n<div class=\"wp-block-columns is-layout-flex wp-container-core-columns-is-layout-9d6595d7 wp-block-columns-is-layout-flex\">\n<div class=\"wp-block-column is-layout-flow wp-block-column-is-layout-flow\">\n<div class=\"wp-block-cover has-background-dim\" style=\"background-image:url(http:\/\/kuchniaklemensa.pl\/wp-content\/uploads\/2021\/01\/Przechwytywanie-3.jpg)\"><div class=\"wp-block-cover__inner-container is-layout-flow wp-block-cover-is-layout-flow\">\n<p class=\"has-text-align-center has-large-font-size\"><a href=\"https:\/\/kuchniaklemensa.pl\/?p=757\" data-type=\"post\" data-id=\"757\"><span class=\"has-inline-color has-white-color\">Zdrowa i smaczna owsianka<\/span><\/a><\/p>\n<\/div><\/div>\n<\/div>\n\n\n\n<div class=\"wp-block-column is-layout-flow wp-block-column-is-layout-flow\">\n<div class=\"wp-block-cover has-background-dim\" style=\"background-image:url(https:\/\/kuchniaklemensa.pl\/wp-content\/uploads\/2021\/01\/IMG_20191011_191722-2.jpg)\"><div class=\"wp-block-cover__inner-container is-layout-flow wp-block-cover-is-layout-flow\">\n<p class=\"has-text-align-center has-large-font-size\"><a href=\"https:\/\/kuchniaklemensa.pl\/?p=726\" data-type=\"post\" data-id=\"726\"><span class=\"has-inline-color has-white-color\">Jajeczne muffinki<\/span><\/a><\/p>\n<\/div><\/div>\n<\/div>\n\n\n\n<div class=\"wp-block-column is-layout-flow wp-block-column-is-layout-flow\">\n<div class=\"wp-block-cover has-background-dim\" style=\"background-image:url(https:\/\/kuchniaklemensa.pl\/wp-content\/uploads\/2021\/01\/IMG_20191013_093507.jpg)\"><div class=\"wp-block-cover__inner-container is-layout-flow wp-block-cover-is-layout-flow\">\n<p class=\"has-text-align-center has-large-font-size\"><a href=\"https:\/\/kuchniaklemensa.pl\/?p=714\" data-type=\"post\" data-id=\"714\"><span class=\"has-inline-color has-white-color\">Jajecznica po g\u00f3ralsku<\/span><\/a><\/p>\n<\/div><\/div>\n<\/div>\n<\/div>\n\n\n\n<hr class=\"wp-block-separator\"\/>\n\n\n\n<div class=\"wp-block-columns is-layout-flex wp-container-core-columns-is-layout-9d6595d7 wp-block-columns-is-layout-flex\">\n<div class=\"wp-block-column is-layout-flow wp-block-column-is-layout-flow\">\n<div class=\"wp-block-cover has-background-dim\" style=\"background-image:url(http:\/\/kuchniaklemensa.pl\/wp-content\/uploads\/2021\/01\/IMG_20200216_103257.jpg)\"><div class=\"wp-block-cover__inner-container is-layout-flow wp-block-cover-is-layout-flow\">\n<p class=\"has-text-align-center has-large-font-size\"><a href=\"https:\/\/kuchniaklemensa.pl\/?p=711\" data-type=\"post\" data-id=\"711\"><span class=\"has-inline-color has-white-color\">Placuszki bananowe<\/span><\/a><\/p>\n<\/div><\/div>\n<\/div>\n\n\n\n<div class=\"wp-block-column is-layout-flow wp-block-column-is-layout-flow\">\n<div class=\"wp-block-cover has-background-dim\" style=\"background-image:url(http:\/\/kuchniaklemensa.pl\/wp-content\/uploads\/2020\/05\/00000PORTRAIT_00000_BURST20200524100452939-1.jpg)\"><div class=\"wp-block-cover__inner-container is-layout-flow wp-block-cover-is-layout-flow\">\n<p class=\"has-text-align-center has-large-font-size\"><a href=\"https:\/\/kuchniaklemensa.pl\/?p=694\" data-type=\"post\" data-id=\"694\"><span class=\"has-inline-color has-white-color\">Kasza manna na mleku<\/span><\/a><\/p>\n<\/div><\/div>\n<\/div>\n\n\n\n<div class=\"wp-block-column is-layout-flow wp-block-column-is-layout-flow\">\n<div class=\"wp-block-cover has-background-dim\" style=\"background-image:url(http:\/\/kuchniaklemensa.pl\/wp-content\/uploads\/2021\/01\/PXL_20201228_080451820.PORTRAIT-5.jpg)\"><div class=\"wp-block-cover__inner-container is-layout-flow wp-block-cover-is-layout-flow\">\n<p class=\"has-text-align-center has-large-font-size\"><a href=\"https:\/\/kuchniaklemensa.pl\/?p=684\" data-type=\"post\" data-id=\"684\"><span class=\"has-inline-color has-white-color\">Jajka po wiede\u0144sku<\/span><\/a><\/p>\n<\/div><\/div>\n<\/div>\n<\/div>\n","protected":false},"excerpt":{"rendered":"","protected":false},"author":1,"featured_media":0,"parent":0,"menu_order":0,"comment_status":"closed","ping_status":"closed","template":"","meta":{"footnotes":""},"class_list":["post-977","page","type-page","status-publish","hentry","eq-blocks"],"jetpack_sharing_enabled":true,"jetpack-related-posts":[{"id":965,"url":"https:\/\/www.kuchniaklemensa.pl\/?page_id=965","url_meta":{"origin":977,"position":0},"title":"Przepisy","author":"damiankordian","date":"24 stycznia, 2021","format":false,"excerpt":"\u015aniadanie Przystawki Zupy Dania g\u0142\u00f3wne Sa\u0142atki Fast Food Kolacja Wypieki Napoje Dodatki do da\u0144 Post dr D\u0105browskiej","rel":"","context":"Similar post","block_context":{"text":"Similar post","link":""},"img":{"alt_text":"","src":"","width":0,"height":0},"classes":[]},{"id":3,"url":"https:\/\/www.kuchniaklemensa.pl\/?page_id=3","url_meta":{"origin":977,"position":1},"title":"Polityka Prywatno\u015bci","author":"damiankordian","date":"23 stycznia, 2021","format":false,"excerpt":"Kim jeste\u015bmy Adres naszej strony internetowej to: www.kuchniaklemensa.pl Jakie dane osobiste zbieramy i dlaczego je zbieramy Komentarze Kiedy odwiedzaj\u0105cy witryn\u0119 zostawia komentarz, zbieramy dane widoczne w formularzu komentowania, jak i adres IP odwiedzaj\u0105cego oraz podpis jego przegl\u0105darki jako pomoc przy wykrywaniu spamu. Zanonimizowany ci\u0105g znak\u00f3w stworzony na podstawie twojego adresu\u2026","rel":"","context":"Similar post","block_context":{"text":"Similar post","link":""},"img":{"alt_text":"","src":"","width":0,"height":0},"classes":[]},{"id":669,"url":"https:\/\/www.kuchniaklemensa.pl\/?page_id=669","url_meta":{"origin":977,"position":2},"title":"O mnie","author":"damiankordian","date":"24 stycznia, 2021","format":false,"excerpt":"Witaj na mojej stronie! M\u00f3j tatu\u015b mawia\u0142, \u017ce je si\u0119 po to, \u017ceby \u017cy\u0107, a nie \u017cyje po to, aby je\u015b\u0107, ale ja nie do ko\u0144ca si\u0119 z tym zgodz\u0119. Czasem \u017cyje si\u0119, aby gotowa\u0107 :) I tu wchodz\u0119 ja - ca\u0142y na bia\u0142o. Kocham gotowa\u0107, ale to jest zbyt\u2026","rel":"","context":"Similar post","block_context":{"text":"Similar post","link":""},"img":{"alt_text":"","src":"https:\/\/i0.wp.com\/www.kuchniaklemensa.pl\/wp-content\/uploads\/2021\/01\/IMG_20200823_194338-EFFECTS-1-scaled.jpg?resize=350%2C200&ssl=1","width":350,"height":200,"srcset":"https:\/\/i0.wp.com\/www.kuchniaklemensa.pl\/wp-content\/uploads\/2021\/01\/IMG_20200823_194338-EFFECTS-1-scaled.jpg?resize=350%2C200&ssl=1 1x, https:\/\/i0.wp.com\/www.kuchniaklemensa.pl\/wp-content\/uploads\/2021\/01\/IMG_20200823_194338-EFFECTS-1-scaled.jpg?resize=525%2C300&ssl=1 1.5x, https:\/\/i0.wp.com\/www.kuchniaklemensa.pl\/wp-content\/uploads\/2021\/01\/IMG_20200823_194338-EFFECTS-1-scaled.jpg?resize=700%2C400&ssl=1 2x, https:\/\/i0.wp.com\/www.kuchniaklemensa.pl\/wp-content\/uploads\/2021\/01\/IMG_20200823_194338-EFFECTS-1-scaled.jpg?resize=1050%2C600&ssl=1 3x, https:\/\/i0.wp.com\/www.kuchniaklemensa.pl\/wp-content\/uploads\/2021\/01\/IMG_20200823_194338-EFFECTS-1-scaled.jpg?resize=1400%2C800&ssl=1 4x"},"classes":[]},{"id":981,"url":"https:\/\/www.kuchniaklemensa.pl\/?page_id=981","url_meta":{"origin":977,"position":3},"title":"Dania g\u0142\u00f3wne","author":"damiankordian","date":"24 stycznia, 2021","format":false,"excerpt":"Pikantny makaron z tu\u0144czykiem Schabowy Indyk w marynacie jogurtowej Kotlety mielone z grzybami Domowe burgery z indyka Roladki schabowe Kurczak tika masala Delikatny schabowy Potrawka z kurczka po azjatycku Kurczak z kuskusem i warzywami Roladki z indyka Leczo grzybowe Nale\u015bniki Ko\u0142duny, czyli kartacze Kotleciki z twarogu Falafel Pierogi z kapust\u0105\u2026","rel":"","context":"Similar post","block_context":{"text":"Similar post","link":""},"img":{"alt_text":"","src":"","width":0,"height":0},"classes":[]},{"id":995,"url":"https:\/\/www.kuchniaklemensa.pl\/?page_id=995","url_meta":{"origin":977,"position":4},"title":"Dodatki do da\u0144","author":"damiankordian","date":"24 stycznia, 2021","format":false,"excerpt":"Majonez Grzanki Sos czosnkowo-zio\u0142owy Kluski \u015bl\u0105skie Sos grzybowy Twaro\u017cek ze szczypiorkiem i rzodkiewk\u0105 Pasta z fasoli Pasta z fasoli 2 Makaron Duszona m\u0142oda kapusta Guacamole Hummus Pasta z makreli Krokiety Kapusta z grzybami Tzatziki","rel":"","context":"Similar post","block_context":{"text":"Similar post","link":""},"img":{"alt_text":"","src":"","width":0,"height":0},"classes":[]},{"id":987,"url":"https:\/\/www.kuchniaklemensa.pl\/?page_id=987","url_meta":{"origin":977,"position":5},"title":"Kolacja","author":"damiankordian","date":"24 stycznia, 2021","format":false,"excerpt":"Par\u00f3wki w boczku Zapiekane ciabaty z duszon\u0105 papryk\u0105 Zapiekanki Nale\u015bniki Hummus Pierogi z kapust\u0105 i grzybami Pierogi z mi\u0119sem Makaron z sosem pomidorowym Szybkie spaghetti Chilli con carne Sma\u017cone kanie (\"schabowy\") Tosty Pasta z makreli Krokiety Kapusta z grzybami Currywurst Kopytka Focaccia Curry dyniowe","rel":"","context":"Similar post","block_context":{"text":"Similar post","link":""},"img":{"alt_text":"","src":"","width":0,"height":0},"classes":[]}],"_links":{"self":[{"href":"https:\/\/www.kuchniaklemensa.pl\/index.php?rest_route=\/wp\/v2\/pages\/977","targetHints":{"allow":["GET"]}}],"collection":[{"href":"https:\/\/www.kuchniaklemensa.pl\/index.php?rest_route=\/wp\/v2\/pages"}],"about":[{"href":"https:\/\/www.kuchniaklemensa.pl\/index.php?rest_route=\/wp\/v2\/types\/page"}],"author":[{"embeddable":true,"href":"https:\/\/www.kuchniaklemensa.pl\/index.php?rest_route=\/wp\/v2\/users\/1"}],"replies":[{"embeddable":true,"href":"https:\/\/www.kuchniaklemensa.pl\/index.php?rest_route=%2Fwp%2Fv2%2Fcomments&post=977"}],"version-history":[{"count":4,"href":"https:\/\/www.kuchniaklemensa.pl\/index.php?rest_route=\/wp\/v2\/pages\/977\/revisions"}],"predecessor-version":[{"id":1108,"href":"https:\/\/www.kuchniaklemensa.pl\/index.php?rest_route=\/wp\/v2\/pages\/977\/revisions\/1108"}],"wp:attachment":[{"href":"https:\/\/www.kuchniaklemensa.pl\/index.php?rest_route=%2Fwp%2Fv2%2Fmedia&parent=977"}],"curies":[{"name":"wp","href":"https:\/\/api.w.org\/{rel}","templated":true}]}}