{"id":989,"date":"2021-01-24T19:25:13","date_gmt":"2021-01-24T18:25:13","guid":{"rendered":"http:\/\/kuchniaklemensa.pl\/?page_id=989"},"modified":"2021-01-26T22:19:51","modified_gmt":"2021-01-26T21:19:51","slug":"napoje","status":"publish","type":"page","link":"https:\/\/www.kuchniaklemensa.pl\/?page_id=989","title":{"rendered":"Napoje"},"content":{"rendered":"\n<div class=\"wp-block-columns is-layout-flex wp-container-core-columns-is-layout-9d6595d7 wp-block-columns-is-layout-flex\">\n<div class=\"wp-block-column is-layout-flow wp-block-column-is-layout-flow\">\n<div class=\"wp-block-cover has-background-dim\" style=\"background-image:url(https:\/\/kuchniaklemensa.pl\/wp-content\/uploads\/2021\/01\/IMG_20190104_133251-1.jpg)\"><div class=\"wp-block-cover__inner-container is-layout-flow wp-block-cover-is-layout-flow\">\n<p class=\"has-text-align-center has-large-font-size\"><a href=\"https:\/\/kuchniaklemensa.pl\/?p=146\" data-type=\"post\" data-id=\"146\"><span class=\"has-inline-color has-white-color\">Drink po bawarsku na kaca<\/span><\/a><\/p>\n<\/div><\/div>\n<\/div>\n\n\n\n<div class=\"wp-block-column is-layout-flow wp-block-column-is-layout-flow\">\n<div class=\"wp-block-cover has-background-dim\" style=\"background-image:url(https:\/\/kuchniaklemensa.pl\/wp-content\/uploads\/2021\/01\/IMG_20190926_204949.jpg)\"><div class=\"wp-block-cover__inner-container is-layout-flow wp-block-cover-is-layout-flow\">\n<p class=\"has-text-align-center has-large-font-size\"><a href=\"https:\/\/kuchniaklemensa.pl\/?p=729\" data-type=\"post\" data-id=\"729\"><span class=\"has-inline-color has-white-color\">Herbata na przezi\u0119bienie<\/span><\/a><\/p>\n<\/div><\/div>\n<\/div>\n\n\n\n<div class=\"wp-block-column is-layout-flow wp-block-column-is-layout-flow\"><\/div>\n<\/div>\n","protected":false},"excerpt":{"rendered":"","protected":false},"author":1,"featured_media":0,"parent":0,"menu_order":0,"comment_status":"closed","ping_status":"closed","template":"","meta":{"footnotes":""},"class_list":["post-989","page","type-page","status-publish","hentry","eq-blocks"],"jetpack_sharing_enabled":true,"jetpack-related-posts":[{"id":965,"url":"https:\/\/www.kuchniaklemensa.pl\/?page_id=965","url_meta":{"origin":989,"position":0},"title":"Przepisy","author":"damiankordian","date":"24 stycznia, 2021","format":false,"excerpt":"\u015aniadanie Przystawki Zupy Dania g\u0142\u00f3wne Sa\u0142atki Fast Food Kolacja Wypieki Napoje Dodatki do da\u0144 Post dr D\u0105browskiej","rel":"","context":"Similar post","block_context":{"text":"Similar post","link":""},"img":{"alt_text":"","src":"","width":0,"height":0},"classes":[]},{"id":977,"url":"https:\/\/www.kuchniaklemensa.pl\/?page_id=977","url_meta":{"origin":989,"position":1},"title":"\u015aniadanie","author":"damiankordian","date":"24 stycznia, 2021","format":false,"excerpt":"Zdrowa i smaczna owsianka Jajeczne muffinki Jajecznica po g\u00f3ralsku Placuszki bananowe Kasza manna na mleku Jajka po wiede\u0144sku","rel":"","context":"Similar post","block_context":{"text":"Similar post","link":""},"img":{"alt_text":"","src":"","width":0,"height":0},"classes":[]},{"id":669,"url":"https:\/\/www.kuchniaklemensa.pl\/?page_id=669","url_meta":{"origin":989,"position":2},"title":"O mnie","author":"damiankordian","date":"24 stycznia, 2021","format":false,"excerpt":"Witaj na mojej stronie! M\u00f3j tatu\u015b mawia\u0142, \u017ce je si\u0119 po to, \u017ceby \u017cy\u0107, a nie \u017cyje po to, aby je\u015b\u0107, ale ja nie do ko\u0144ca si\u0119 z tym zgodz\u0119. Czasem \u017cyje si\u0119, aby gotowa\u0107 :) I tu wchodz\u0119 ja - ca\u0142y na bia\u0142o. Kocham gotowa\u0107, ale to jest zbyt\u2026","rel":"","context":"Similar post","block_context":{"text":"Similar post","link":""},"img":{"alt_text":"","src":"https:\/\/i0.wp.com\/www.kuchniaklemensa.pl\/wp-content\/uploads\/2021\/01\/IMG_20200823_194338-EFFECTS-1-scaled.jpg?resize=350%2C200&ssl=1","width":350,"height":200,"srcset":"https:\/\/i0.wp.com\/www.kuchniaklemensa.pl\/wp-content\/uploads\/2021\/01\/IMG_20200823_194338-EFFECTS-1-scaled.jpg?resize=350%2C200&ssl=1 1x, https:\/\/i0.wp.com\/www.kuchniaklemensa.pl\/wp-content\/uploads\/2021\/01\/IMG_20200823_194338-EFFECTS-1-scaled.jpg?resize=525%2C300&ssl=1 1.5x, https:\/\/i0.wp.com\/www.kuchniaklemensa.pl\/wp-content\/uploads\/2021\/01\/IMG_20200823_194338-EFFECTS-1-scaled.jpg?resize=700%2C400&ssl=1 2x, https:\/\/i0.wp.com\/www.kuchniaklemensa.pl\/wp-content\/uploads\/2021\/01\/IMG_20200823_194338-EFFECTS-1-scaled.jpg?resize=1050%2C600&ssl=1 3x, https:\/\/i0.wp.com\/www.kuchniaklemensa.pl\/wp-content\/uploads\/2021\/01\/IMG_20200823_194338-EFFECTS-1-scaled.jpg?resize=1400%2C800&ssl=1 4x"},"classes":[]},{"id":3,"url":"https:\/\/www.kuchniaklemensa.pl\/?page_id=3","url_meta":{"origin":989,"position":3},"title":"Polityka Prywatno\u015bci","author":"damiankordian","date":"23 stycznia, 2021","format":false,"excerpt":"Kim jeste\u015bmy Adres naszej strony internetowej to: www.kuchniaklemensa.pl Jakie dane osobiste zbieramy i dlaczego je zbieramy Komentarze Kiedy odwiedzaj\u0105cy witryn\u0119 zostawia komentarz, zbieramy dane widoczne w formularzu komentowania, jak i adres IP odwiedzaj\u0105cego oraz podpis jego przegl\u0105darki jako pomoc przy wykrywaniu spamu. Zanonimizowany ci\u0105g znak\u00f3w stworzony na podstawie twojego adresu\u2026","rel":"","context":"Similar post","block_context":{"text":"Similar post","link":""},"img":{"alt_text":"","src":"","width":0,"height":0},"classes":[]},{"id":981,"url":"https:\/\/www.kuchniaklemensa.pl\/?page_id=981","url_meta":{"origin":989,"position":4},"title":"Dania g\u0142\u00f3wne","author":"damiankordian","date":"24 stycznia, 2021","format":false,"excerpt":"Pikantny makaron z tu\u0144czykiem Schabowy Indyk w marynacie jogurtowej Kotlety mielone z grzybami Domowe burgery z indyka Roladki schabowe Kurczak tika masala Delikatny schabowy Potrawka z kurczka po azjatycku Kurczak z kuskusem i warzywami Roladki z indyka Leczo grzybowe Nale\u015bniki Ko\u0142duny, czyli kartacze Kotleciki z twarogu Falafel Pierogi z kapust\u0105\u2026","rel":"","context":"Similar post","block_context":{"text":"Similar post","link":""},"img":{"alt_text":"","src":"","width":0,"height":0},"classes":[]},{"id":40,"url":"https:\/\/www.kuchniaklemensa.pl\/?page_id=40","url_meta":{"origin":989,"position":5},"title":"Kontakt","author":"damiankordian","date":"20 stycznia, 2021","format":false,"excerpt":"Masz pytania? Sugestie? Lub po prostu chcesz si\u0119 odezwa\u0107? Zapraszam do kontaktu! Przez FacebookPrzez InstagramPrzez poczt\u0119 e-mail Lub przez poni\u017cszy formularz: Moje Mazury zim\u0105...","rel":"","context":"Similar post","block_context":{"text":"Similar post","link":""},"img":{"alt_text":"","src":"https:\/\/i0.wp.com\/www.kuchniaklemensa.pl\/wp-content\/uploads\/2021\/01\/Schowek01-10.jpg?fit=1200%2C579&ssl=1&resize=350%2C200","width":350,"height":200,"srcset":"https:\/\/i0.wp.com\/www.kuchniaklemensa.pl\/wp-content\/uploads\/2021\/01\/Schowek01-10.jpg?fit=1200%2C579&ssl=1&resize=350%2C200 1x, https:\/\/i0.wp.com\/www.kuchniaklemensa.pl\/wp-content\/uploads\/2021\/01\/Schowek01-10.jpg?fit=1200%2C579&ssl=1&resize=525%2C300 1.5x, https:\/\/i0.wp.com\/www.kuchniaklemensa.pl\/wp-content\/uploads\/2021\/01\/Schowek01-10.jpg?fit=1200%2C579&ssl=1&resize=700%2C400 2x, https:\/\/i0.wp.com\/www.kuchniaklemensa.pl\/wp-content\/uploads\/2021\/01\/Schowek01-10.jpg?fit=1200%2C579&ssl=1&resize=1050%2C600 3x"},"classes":[]}],"_links":{"self":[{"href":"https:\/\/www.kuchniaklemensa.pl\/index.php?rest_route=\/wp\/v2\/pages\/989","targetHints":{"allow":["GET"]}}],"collection":[{"href":"https:\/\/www.kuchniaklemensa.pl\/index.php?rest_route=\/wp\/v2\/pages"}],"about":[{"href":"https:\/\/www.kuchniaklemensa.pl\/index.php?rest_route=\/wp\/v2\/types\/page"}],"author":[{"embeddable":true,"href":"https:\/\/www.kuchniaklemensa.pl\/index.php?rest_route=\/wp\/v2\/users\/1"}],"replies":[{"embeddable":true,"href":"https:\/\/www.kuchniaklemensa.pl\/index.php?rest_route=%2Fwp%2Fv2%2Fcomments&post=989"}],"version-history":[{"count":3,"href":"https:\/\/www.kuchniaklemensa.pl\/index.php?rest_route=\/wp\/v2\/pages\/989\/revisions"}],"predecessor-version":[{"id":1599,"href":"https:\/\/www.kuchniaklemensa.pl\/index.php?rest_route=\/wp\/v2\/pages\/989\/revisions\/1599"}],"wp:attachment":[{"href":"https:\/\/www.kuchniaklemensa.pl\/index.php?rest_route=%2Fwp%2Fv2%2Fmedia&parent=989"}],"curies":[{"name":"wp","href":"https:\/\/api.w.org\/{rel}","templated":true}]}}