{"id":995,"date":"2021-01-24T19:26:18","date_gmt":"2021-01-24T18:26:18","guid":{"rendered":"http:\/\/kuchniaklemensa.pl\/?page_id=995"},"modified":"2021-02-01T22:38:04","modified_gmt":"2021-02-01T21:38:04","slug":"dodatki-do-dan","status":"publish","type":"page","link":"https:\/\/www.kuchniaklemensa.pl\/?page_id=995","title":{"rendered":"Dodatki do da\u0144"},"content":{"rendered":"\n<div class=\"wp-block-columns is-layout-flex wp-container-core-columns-is-layout-9d6595d7 wp-block-columns-is-layout-flex\">\n<div class=\"wp-block-column is-layout-flow wp-block-column-is-layout-flow\">\n<div class=\"wp-block-cover has-background-dim\" style=\"background-image:url(https:\/\/kuchniaklemensa.pl\/wp-content\/uploads\/2021\/01\/IMG_20180623_175850-1.jpg)\"><div class=\"wp-block-cover__inner-container is-layout-flow wp-block-cover-is-layout-flow\">\n<p class=\"has-text-align-center has-large-font-size\"><a href=\"https:\/\/kuchniaklemensa.pl\/?p=763\" data-type=\"post\" data-id=\"763\"><span class=\"has-inline-color has-white-color\">Majonez<\/span><\/a><\/p>\n<\/div><\/div>\n<\/div>\n\n\n\n<div class=\"wp-block-column is-layout-flow wp-block-column-is-layout-flow\">\n<div class=\"wp-block-cover has-background-dim\" style=\"background-image:url(https:\/\/kuchniaklemensa.pl\/wp-content\/uploads\/2021\/01\/food-693306_1920.jpg)\"><div class=\"wp-block-cover__inner-container is-layout-flow wp-block-cover-is-layout-flow\">\n<p class=\"has-text-align-center has-large-font-size\"><a href=\"https:\/\/kuchniaklemensa.pl\/?p=758\" data-type=\"post\" data-id=\"758\"><span class=\"has-inline-color has-white-color\">Grzanki<\/span><\/a><\/p>\n<\/div><\/div>\n<\/div>\n\n\n\n<div class=\"wp-block-column is-layout-flow wp-block-column-is-layout-flow\">\n<div class=\"wp-block-cover has-background-dim\" style=\"background-image:url(https:\/\/kuchniaklemensa.pl\/wp-content\/uploads\/2021\/01\/IMG_20190105_213104-1.jpg)\"><div class=\"wp-block-cover__inner-container is-layout-flow wp-block-cover-is-layout-flow\">\n<p class=\"has-text-align-center has-large-font-size\"><a href=\"https:\/\/kuchniaklemensa.pl\/?p=145\" data-type=\"post\" data-id=\"145\"><span class=\"has-inline-color has-white-color\">Sos czosnkowo-zio\u0142owy<\/span><\/a><\/p>\n<\/div><\/div>\n<\/div>\n<\/div>\n\n\n\n<hr class=\"wp-block-separator\"\/>\n\n\n\n<div class=\"wp-block-columns is-layout-flex wp-container-core-columns-is-layout-9d6595d7 wp-block-columns-is-layout-flex\">\n<div class=\"wp-block-column is-layout-flow wp-block-column-is-layout-flow\">\n<div class=\"wp-block-cover has-background-dim\" style=\"background-image:url(http:\/\/kuchniaklemensa.pl\/wp-content\/uploads\/2019\/03\/IMG_20190307_204716.jpg)\"><div class=\"wp-block-cover__inner-container is-layout-flow wp-block-cover-is-layout-flow\">\n<p class=\"has-text-align-center has-large-font-size\"><a href=\"https:\/\/kuchniaklemensa.pl\/?p=135\" data-type=\"post\" data-id=\"135\"><span class=\"has-inline-color has-white-color\">Kluski \u015bl\u0105skie<\/span><\/a><\/p>\n<\/div><\/div>\n<\/div>\n\n\n\n<div class=\"wp-block-column is-layout-flow wp-block-column-is-layout-flow\">\n<div class=\"wp-block-cover has-background-dim\" style=\"background-image:url(http:\/\/kuchniaklemensa.pl\/wp-content\/uploads\/2021\/01\/IMG_20190307_212719-1536x1152-1.jpg)\"><div class=\"wp-block-cover__inner-container is-layout-flow wp-block-cover-is-layout-flow\">\n<p class=\"has-text-align-center has-large-font-size\"><a href=\"https:\/\/kuchniaklemensa.pl\/?p=134\" data-type=\"post\" data-id=\"134\"><span class=\"has-inline-color has-white-color\">Sos grzybowy<\/span><\/a><\/p>\n<\/div><\/div>\n<\/div>\n\n\n\n<div class=\"wp-block-column is-layout-flow wp-block-column-is-layout-flow\">\n<div class=\"wp-block-cover has-background-dim\" style=\"background-image:url(https:\/\/kuchniaklemensa.pl\/wp-content\/uploads\/2021\/01\/IMG_20190926_193311-1.jpg)\"><div class=\"wp-block-cover__inner-container is-layout-flow wp-block-cover-is-layout-flow\">\n<p class=\"has-text-align-center has-large-font-size\"><a href=\"https:\/\/kuchniaklemensa.pl\/?p=730\" data-type=\"post\" data-id=\"730\"><span class=\"has-inline-color has-white-color\">Twaro\u017cek ze szczypiorkiem i rzodkiewk\u0105<\/span><\/a><\/p>\n<\/div><\/div>\n<\/div>\n<\/div>\n\n\n\n<hr class=\"wp-block-separator\"\/>\n\n\n\n<div class=\"wp-block-columns is-layout-flex wp-container-core-columns-is-layout-9d6595d7 wp-block-columns-is-layout-flex\">\n<div class=\"wp-block-column is-layout-flow wp-block-column-is-layout-flow\">\n<div class=\"wp-block-cover has-background-dim\" style=\"background-image:url(http:\/\/kuchniaklemensa.pl\/wp-content\/uploads\/2021\/01\/IMG_20190121_100124-1.jpg)\"><div class=\"wp-block-cover__inner-container is-layout-flow wp-block-cover-is-layout-flow\">\n<p class=\"has-text-align-center has-large-font-size\"><a href=\"https:\/\/kuchniaklemensa.pl\/?p=710\" data-type=\"post\" data-id=\"710\"><span class=\"has-inline-color has-white-color\">Pasta z fasoli<\/span><\/a><\/p>\n<\/div><\/div>\n<\/div>\n\n\n\n<div class=\"wp-block-column is-layout-flow wp-block-column-is-layout-flow\">\n<div class=\"wp-block-cover has-background-dim\" style=\"background-image:url(http:\/\/kuchniaklemensa.pl\/wp-content\/uploads\/2021\/01\/IMG_20200216_102413.jpg)\"><div class=\"wp-block-cover__inner-container is-layout-flow wp-block-cover-is-layout-flow\">\n<p class=\"has-text-align-center has-large-font-size\"><a href=\"https:\/\/kuchniaklemensa.pl\/?p=142\" data-type=\"post\" data-id=\"142\"><span class=\"has-inline-color has-white-color\">Pasta z fasoli 2<\/span><\/a><\/p>\n<\/div><\/div>\n<\/div>\n\n\n\n<div class=\"wp-block-column is-layout-flow wp-block-column-is-layout-flow\">\n<div class=\"wp-block-cover has-background-dim\" style=\"background-image:url(http:\/\/kuchniaklemensa.pl\/wp-content\/uploads\/2020\/03\/00000PORTRAIT_00000_BURST20200315141646343-1.jpg)\"><div class=\"wp-block-cover__inner-container is-layout-flow wp-block-cover-is-layout-flow\">\n<p class=\"has-text-align-center has-large-font-size\"><a href=\"https:\/\/kuchniaklemensa.pl\/?p=702\" data-type=\"post\" data-id=\"702\"><span class=\"has-inline-color has-white-color\">Makaron<\/span><\/a><\/p>\n<\/div><\/div>\n<\/div>\n<\/div>\n\n\n\n<hr class=\"wp-block-separator\"\/>\n\n\n\n<div class=\"wp-block-columns is-layout-flex wp-container-core-columns-is-layout-9d6595d7 wp-block-columns-is-layout-flex\">\n<div class=\"wp-block-column is-layout-flow wp-block-column-is-layout-flow\">\n<div class=\"wp-block-cover has-background-dim\" style=\"background-image:url(http:\/\/kuchniaklemensa.pl\/wp-content\/uploads\/2020\/06\/00100dPORTRAIT_00100_BURST20200523195002892_COVER-1.jpg)\"><div class=\"wp-block-cover__inner-container is-layout-flow wp-block-cover-is-layout-flow\">\n<p class=\"has-text-align-center has-large-font-size\"><a href=\"https:\/\/kuchniaklemensa.pl\/?p=691\" data-type=\"post\" data-id=\"691\"><span class=\"has-inline-color has-white-color\">Duszona m\u0142oda kapusta<\/span><\/a><\/p>\n<\/div><\/div>\n<\/div>\n\n\n\n<div class=\"wp-block-column is-layout-flow wp-block-column-is-layout-flow\">\n<div class=\"wp-block-cover has-background-dim\" style=\"background-image:url(http:\/\/kuchniaklemensa.pl\/wp-content\/uploads\/2021\/01\/PXL_20201216_174753019.PORTRAIT-2.jpg)\"><div class=\"wp-block-cover__inner-container is-layout-flow wp-block-cover-is-layout-flow\">\n<p class=\"has-text-align-center has-large-font-size\"><a href=\"https:\/\/kuchniaklemensa.pl\/?p=685\" data-type=\"post\" data-id=\"685\"><span class=\"has-inline-color has-white-color\">Guacamole<\/span><\/a><\/p>\n<\/div><\/div>\n<\/div>\n\n\n\n<div class=\"wp-block-column is-layout-flow wp-block-column-is-layout-flow\">\n<div class=\"wp-block-cover has-background-dim\" style=\"background-image:url(http:\/\/kuchniaklemensa.pl\/wp-content\/uploads\/2021\/01\/IMG_20180909_225002-1.jpg)\"><div class=\"wp-block-cover__inner-container is-layout-flow wp-block-cover-is-layout-flow\">\n<p class=\"has-text-align-center has-large-font-size\"><a href=\"https:\/\/kuchniaklemensa.pl\/?p=748\" data-type=\"post\" data-id=\"748\"><span class=\"has-inline-color has-white-color\">Hummus<\/span><\/a><\/p>\n<\/div><\/div>\n<\/div>\n<\/div>\n\n\n\n<hr class=\"wp-block-separator\"\/>\n\n\n\n<div class=\"wp-block-columns is-layout-flex wp-container-core-columns-is-layout-9d6595d7 wp-block-columns-is-layout-flex\">\n<div class=\"wp-block-column is-layout-flow wp-block-column-is-layout-flow\">\n<div class=\"wp-block-cover has-background-dim\" style=\"background-image:url(http:\/\/kuchniaklemensa.pl\/wp-content\/uploads\/2021\/01\/IMG_20180920_222213-1.jpg)\"><div class=\"wp-block-cover__inner-container is-layout-flow wp-block-cover-is-layout-flow\">\n<p class=\"has-text-align-center has-large-font-size\"><a href=\"https:\/\/kuchniaklemensa.pl\/?p=743\" data-type=\"post\" data-id=\"743\"><span class=\"has-inline-color has-white-color\">Pasta z makreli<\/span><\/a><\/p>\n<\/div><\/div>\n<\/div>\n\n\n\n<div class=\"wp-block-column is-layout-flow wp-block-column-is-layout-flow\">\n<div class=\"wp-block-cover has-background-dim\" style=\"background-image:url(http:\/\/kuchniaklemensa.pl\/wp-content\/uploads\/2021\/01\/IMG_20180912_165824-1.jpg)\"><div class=\"wp-block-cover__inner-container is-layout-flow wp-block-cover-is-layout-flow\">\n<p class=\"has-text-align-center has-large-font-size\"><a href=\"https:\/\/kuchniaklemensa.pl\/?p=746\" data-type=\"post\" data-id=\"746\"><span class=\"has-inline-color has-white-color\">Krokiety<\/span><\/a><\/p>\n<\/div><\/div>\n<\/div>\n\n\n\n<div class=\"wp-block-column is-layout-flow wp-block-column-is-layout-flow\">\n<div class=\"wp-block-cover has-background-dim\" style=\"background-image:url(http:\/\/kuchniaklemensa.pl\/wp-content\/uploads\/2020\/06\/00100dPORTRAIT_00100_BURST20200523194756579_COVER-1.jpg)\"><div class=\"wp-block-cover__inner-container is-layout-flow wp-block-cover-is-layout-flow\">\n<p class=\"has-text-align-center has-large-font-size\"><a href=\"https:\/\/kuchniaklemensa.pl\/?p=745\" data-type=\"post\" data-id=\"745\"><span class=\"has-inline-color has-white-color\">Kapusta z grzybami<\/span><\/a><\/p>\n<\/div><\/div>\n<\/div>\n<\/div>\n\n\n\n<hr class=\"wp-block-separator\"\/>\n\n\n\n<div class=\"wp-block-columns is-layout-flex wp-container-core-columns-is-layout-9d6595d7 wp-block-columns-is-layout-flex\">\n<div class=\"wp-block-column is-layout-flow wp-block-column-is-layout-flow\">\n<div class=\"wp-block-cover has-background-dim\" style=\"background-image:url(http:\/\/kuchniaklemensa.pl\/wp-content\/uploads\/2019\/04\/IMG_20190406_142924.jpg)\"><div class=\"wp-block-cover__inner-container is-layout-flow wp-block-cover-is-layout-flow\">\n<p class=\"has-text-align-center has-large-font-size\"><a href=\"https:\/\/kuchniaklemensa.pl\/?p=129\" data-type=\"post\" data-id=\"129\"><span class=\"has-inline-color has-white-color\">Tzatziki<\/span><\/a><\/p>\n<\/div><\/div>\n<\/div>\n\n\n\n<div class=\"wp-block-column is-layout-flow wp-block-column-is-layout-flow\"><\/div>\n\n\n\n<div class=\"wp-block-column is-layout-flow wp-block-column-is-layout-flow\"><\/div>\n<\/div>\n\n\n\n<p><\/p>\n","protected":false},"excerpt":{"rendered":"","protected":false},"author":1,"featured_media":0,"parent":0,"menu_order":0,"comment_status":"closed","ping_status":"closed","template":"","meta":{"footnotes":""},"class_list":["post-995","page","type-page","status-publish","hentry","eq-blocks"],"jetpack_sharing_enabled":true,"jetpack-related-posts":[{"id":965,"url":"https:\/\/www.kuchniaklemensa.pl\/?page_id=965","url_meta":{"origin":995,"position":0},"title":"Przepisy","author":"damiankordian","date":"24 stycznia, 2021","format":false,"excerpt":"\u015aniadanie Przystawki Zupy Dania g\u0142\u00f3wne Sa\u0142atki Fast Food Kolacja Wypieki Napoje Dodatki do da\u0144 Post dr D\u0105browskiej","rel":"","context":"Similar post","block_context":{"text":"Similar post","link":""},"img":{"alt_text":"","src":"","width":0,"height":0},"classes":[]},{"id":669,"url":"https:\/\/www.kuchniaklemensa.pl\/?page_id=669","url_meta":{"origin":995,"position":1},"title":"O mnie","author":"damiankordian","date":"24 stycznia, 2021","format":false,"excerpt":"Witaj na mojej stronie! M\u00f3j tatu\u015b mawia\u0142, \u017ce je si\u0119 po to, \u017ceby \u017cy\u0107, a nie \u017cyje po to, aby je\u015b\u0107, ale ja nie do ko\u0144ca si\u0119 z tym zgodz\u0119. Czasem \u017cyje si\u0119, aby gotowa\u0107 :) I tu wchodz\u0119 ja - ca\u0142y na bia\u0142o. Kocham gotowa\u0107, ale to jest zbyt\u2026","rel":"","context":"Similar post","block_context":{"text":"Similar post","link":""},"img":{"alt_text":"","src":"https:\/\/i0.wp.com\/www.kuchniaklemensa.pl\/wp-content\/uploads\/2021\/01\/IMG_20200823_194338-EFFECTS-1-scaled.jpg?resize=350%2C200&ssl=1","width":350,"height":200,"srcset":"https:\/\/i0.wp.com\/www.kuchniaklemensa.pl\/wp-content\/uploads\/2021\/01\/IMG_20200823_194338-EFFECTS-1-scaled.jpg?resize=350%2C200&ssl=1 1x, https:\/\/i0.wp.com\/www.kuchniaklemensa.pl\/wp-content\/uploads\/2021\/01\/IMG_20200823_194338-EFFECTS-1-scaled.jpg?resize=525%2C300&ssl=1 1.5x, https:\/\/i0.wp.com\/www.kuchniaklemensa.pl\/wp-content\/uploads\/2021\/01\/IMG_20200823_194338-EFFECTS-1-scaled.jpg?resize=700%2C400&ssl=1 2x, https:\/\/i0.wp.com\/www.kuchniaklemensa.pl\/wp-content\/uploads\/2021\/01\/IMG_20200823_194338-EFFECTS-1-scaled.jpg?resize=1050%2C600&ssl=1 3x, https:\/\/i0.wp.com\/www.kuchniaklemensa.pl\/wp-content\/uploads\/2021\/01\/IMG_20200823_194338-EFFECTS-1-scaled.jpg?resize=1400%2C800&ssl=1 4x"},"classes":[]},{"id":985,"url":"https:\/\/www.kuchniaklemensa.pl\/?page_id=985","url_meta":{"origin":995,"position":2},"title":"Sa\u0142atki","author":"damiankordian","date":"24 stycznia, 2021","format":false,"excerpt":"Sa\u0142atka wykwintna (z gruszk\u0105, kozim serem, orzechami) Sa\u0142atka do pracy Sa\u0142atka wiejska Szybka sa\u0142atka z \u0142ososiem Sa\u0142atka makaronowa","rel":"","context":"Similar post","block_context":{"text":"Similar post","link":""},"img":{"alt_text":"","src":"","width":0,"height":0},"classes":[]},{"id":3,"url":"https:\/\/www.kuchniaklemensa.pl\/?page_id=3","url_meta":{"origin":995,"position":3},"title":"Polityka Prywatno\u015bci","author":"damiankordian","date":"23 stycznia, 2021","format":false,"excerpt":"Kim jeste\u015bmy Adres naszej strony internetowej to: www.kuchniaklemensa.pl Jakie dane osobiste zbieramy i dlaczego je zbieramy Komentarze Kiedy odwiedzaj\u0105cy witryn\u0119 zostawia komentarz, zbieramy dane widoczne w formularzu komentowania, jak i adres IP odwiedzaj\u0105cego oraz podpis jego przegl\u0105darki jako pomoc przy wykrywaniu spamu. Zanonimizowany ci\u0105g znak\u00f3w stworzony na podstawie twojego adresu\u2026","rel":"","context":"Similar post","block_context":{"text":"Similar post","link":""},"img":{"alt_text":"","src":"","width":0,"height":0},"classes":[]},{"id":40,"url":"https:\/\/www.kuchniaklemensa.pl\/?page_id=40","url_meta":{"origin":995,"position":4},"title":"Kontakt","author":"damiankordian","date":"20 stycznia, 2021","format":false,"excerpt":"Masz pytania? Sugestie? Lub po prostu chcesz si\u0119 odezwa\u0107? Zapraszam do kontaktu! Przez FacebookPrzez InstagramPrzez poczt\u0119 e-mail Lub przez poni\u017cszy formularz: Moje Mazury zim\u0105...","rel":"","context":"Similar post","block_context":{"text":"Similar post","link":""},"img":{"alt_text":"","src":"https:\/\/i0.wp.com\/www.kuchniaklemensa.pl\/wp-content\/uploads\/2021\/01\/Schowek01-10.jpg?fit=1200%2C579&ssl=1&resize=350%2C200","width":350,"height":200,"srcset":"https:\/\/i0.wp.com\/www.kuchniaklemensa.pl\/wp-content\/uploads\/2021\/01\/Schowek01-10.jpg?fit=1200%2C579&ssl=1&resize=350%2C200 1x, https:\/\/i0.wp.com\/www.kuchniaklemensa.pl\/wp-content\/uploads\/2021\/01\/Schowek01-10.jpg?fit=1200%2C579&ssl=1&resize=525%2C300 1.5x, https:\/\/i0.wp.com\/www.kuchniaklemensa.pl\/wp-content\/uploads\/2021\/01\/Schowek01-10.jpg?fit=1200%2C579&ssl=1&resize=700%2C400 2x, https:\/\/i0.wp.com\/www.kuchniaklemensa.pl\/wp-content\/uploads\/2021\/01\/Schowek01-10.jpg?fit=1200%2C579&ssl=1&resize=1050%2C600 3x"},"classes":[]}],"_links":{"self":[{"href":"https:\/\/www.kuchniaklemensa.pl\/index.php?rest_route=\/wp\/v2\/pages\/995","targetHints":{"allow":["GET"]}}],"collection":[{"href":"https:\/\/www.kuchniaklemensa.pl\/index.php?rest_route=\/wp\/v2\/pages"}],"about":[{"href":"https:\/\/www.kuchniaklemensa.pl\/index.php?rest_route=\/wp\/v2\/types\/page"}],"author":[{"embeddable":true,"href":"https:\/\/www.kuchniaklemensa.pl\/index.php?rest_route=\/wp\/v2\/users\/1"}],"replies":[{"embeddable":true,"href":"https:\/\/www.kuchniaklemensa.pl\/index.php?rest_route=%2Fwp%2Fv2%2Fcomments&post=995"}],"version-history":[{"count":3,"href":"https:\/\/www.kuchniaklemensa.pl\/index.php?rest_route=\/wp\/v2\/pages\/995\/revisions"}],"predecessor-version":[{"id":2223,"href":"https:\/\/www.kuchniaklemensa.pl\/index.php?rest_route=\/wp\/v2\/pages\/995\/revisions\/2223"}],"wp:attachment":[{"href":"https:\/\/www.kuchniaklemensa.pl\/index.php?rest_route=%2Fwp%2Fv2%2Fmedia&parent=995"}],"curies":[{"name":"wp","href":"https:\/\/api.w.org\/{rel}","templated":true}]}}